{"id":2805,"date":"2024-02-08T12:39:51","date_gmt":"2024-02-08T11:39:51","guid":{"rendered":"https:\/\/searchcapitalpartners.com\/?page_id=2805"},"modified":"2024-04-22T11:32:30","modified_gmt":"2024-04-22T09:32:30","slug":"our-strategy","status":"publish","type":"page","link":"https:\/\/searchcapitalpartners.com\/it_it\/our-strategy\/","title":{"rendered":"La nostra strategia"},"content":{"rendered":"<div data-elementor-type=\"wp-page\" data-elementor-id=\"2805\" class=\"elementor elementor-2805\" data-elementor-post-type=\"page\">\n\t\t\t\t\t\t<section class=\"elementor-section elementor-top-section elementor-element elementor-element-ff0733d elementor-section-stretched elementor-section-boxed elementor-section-height-default elementor-section-height-default\" data-id=\"ff0733d\" data-element_type=\"section\" data-e-type=\"section\" data-settings=\"{&quot;stretch_section&quot;:&quot;section-stretched&quot;,&quot;background_background&quot;:&quot;classic&quot;}\">\n\t\t\t\t\t\t\t<div class=\"elementor-background-overlay\"><\/div>\n\t\t\t\t\t\t\t<div class=\"elementor-container elementor-column-gap-default\">\n\t\t\t\t\t<div class=\"elementor-column elementor-col-100 elementor-top-column elementor-element elementor-element-653b151\" data-id=\"653b151\" data-element_type=\"column\" data-e-type=\"column\">\n\t\t\t<div class=\"elementor-widget-wrap elementor-element-populated\">\n\t\t\t\t\t\t<div class=\"elementor-element elementor-element-aca3b79 elementor-widget elementor-widget-heading\" data-id=\"aca3b79\" data-element_type=\"widget\" data-e-type=\"widget\" data-widget_type=\"heading.default\">\n\t\t\t\t<div class=\"elementor-widget-container\">\n\t\t\t\t\t<h2 class=\"elementor-heading-title elementor-size-default\">La nostra strategia<\/h2>\t\t\t\t<\/div>\n\t\t\t\t<\/div>\n\t\t\t\t\t<\/div>\n\t\t<\/div>\n\t\t\t\t\t<\/div>\n\t\t<\/section>\n\t\t\t\t<section class=\"elementor-section elementor-top-section elementor-element elementor-element-911b5d7 elementor-section-boxed elementor-section-height-default elementor-section-height-default\" data-id=\"911b5d7\" data-element_type=\"section\" data-e-type=\"section\">\n\t\t\t\t\t\t<div class=\"elementor-container elementor-column-gap-default\">\n\t\t\t\t\t<div class=\"elementor-column elementor-col-100 elementor-top-column elementor-element elementor-element-5335188\" data-id=\"5335188\" data-element_type=\"column\" data-e-type=\"column\" data-settings=\"{&quot;background_background&quot;:&quot;classic&quot;}\">\n\t\t\t<div class=\"elementor-widget-wrap elementor-element-populated\">\n\t\t\t\t\t\t<div class=\"elementor-element elementor-element-4ce8257 elementor-widget elementor-widget-text-editor\" data-id=\"4ce8257\" data-element_type=\"widget\" data-e-type=\"widget\" data-widget_type=\"text-editor.default\">\n\t\t\t\t<div class=\"elementor-widget-container\">\n\t\t\t\t\t\t\t\t\t<p><a>Home<\/a> | La nostra strategia<\/p>\t\t\t\t\t\t\t\t<\/div>\n\t\t\t\t<\/div>\n\t\t\t\t\t<\/div>\n\t\t<\/div>\n\t\t\t\t\t<\/div>\n\t\t<\/section>\n\t\t\t\t<section class=\"elementor-section elementor-top-section elementor-element elementor-element-0ae6526 elementor-section-boxed elementor-section-height-default elementor-section-height-default\" data-id=\"0ae6526\" data-element_type=\"section\" data-e-type=\"section\">\n\t\t\t\t\t\t<div class=\"elementor-container elementor-column-gap-default\">\n\t\t\t\t\t<div class=\"elementor-column elementor-col-50 elementor-top-column elementor-element elementor-element-f552337\" data-id=\"f552337\" data-element_type=\"column\" data-e-type=\"column\">\n\t\t\t<div class=\"elementor-widget-wrap elementor-element-populated\">\n\t\t\t\t\t\t<div class=\"elementor-element elementor-element-5db2386 elementor-widget elementor-widget-image\" data-id=\"5db2386\" data-element_type=\"widget\" data-e-type=\"widget\" data-widget_type=\"image.default\">\n\t\t\t\t<div class=\"elementor-widget-container\">\n\t\t\t\t\t\t\t\t\t\t\t\t\t\t\t<img fetchpriority=\"high\" decoding=\"async\" width=\"832\" height=\"666\" src=\"https:\/\/searchcapitalpartners.com\/wp-content\/uploads\/2022\/09\/3.jpg\" class=\"attachment-large size-large wp-image-1861\" alt=\"\" srcset=\"https:\/\/searchcapitalpartners.com\/wp-content\/uploads\/2022\/09\/3.jpg 832w, https:\/\/searchcapitalpartners.com\/wp-content\/uploads\/2022\/09\/3-300x240.jpg 300w, https:\/\/searchcapitalpartners.com\/wp-content\/uploads\/2022\/09\/3-768x615.jpg 768w, https:\/\/searchcapitalpartners.com\/wp-content\/uploads\/2022\/09\/3-15x12.jpg 15w, https:\/\/searchcapitalpartners.com\/wp-content\/uploads\/2022\/09\/3-600x480.jpg 600w\" sizes=\"(max-width: 832px) 100vw, 832px\" \/>\t\t\t\t\t\t\t\t\t\t\t\t\t\t\t<\/div>\n\t\t\t\t<\/div>\n\t\t\t\t\t<\/div>\n\t\t<\/div>\n\t\t\t\t<div class=\"elementor-column elementor-col-50 elementor-top-column elementor-element elementor-element-91bdbea\" data-id=\"91bdbea\" data-element_type=\"column\" data-e-type=\"column\">\n\t\t\t<div class=\"elementor-widget-wrap elementor-element-populated\">\n\t\t\t\t\t\t<div class=\"elementor-element elementor-element-ff22de1 elementor-widget elementor-widget-crowdpress-title\" data-id=\"ff22de1\" data-element_type=\"widget\" data-e-type=\"widget\" data-widget_type=\"crowdpress-title.default\">\n\t\t\t\t<div class=\"elementor-widget-container\">\n\t\t\t\t\t        \r\n\t\t<div class=\"heading-content left border-showyes\">\r\n\t\t\t                                                                <h2>Impegnati a sostenere i Search Funds di successo in Europa e nel Mondo<\/h2>\r\n                                   \r\n\t\t<\/div>\r\n    \t\t\t\t\t<\/div>\n\t\t\t\t<\/div>\n\t\t\t\t<div class=\"elementor-element elementor-element-faa1df9 elementor-widget elementor-widget-text-editor\" data-id=\"faa1df9\" data-element_type=\"widget\" data-e-type=\"widget\" data-widget_type=\"text-editor.default\">\n\t\t\t\t<div class=\"elementor-widget-container\">\n\t\t\t\t\t\t\t\t\t<p>In Search Capital Partners, la nostra strategia \u00e8 intrecciata dai fili dell'innovazione, della competenza e di una profonda comprensione dell'ecosistema imprenditoriale. Ci dedichiamo a essere pionieri del futuro del modo in cui gli investimenti nei search funds vengono effettuati, gestiti e scalati verso il successo. Ecco una panoramica della nostra tabella di marcia strategica:<\/p>\t\t\t\t\t\t\t\t<\/div>\n\t\t\t\t<\/div>\n\t\t\t\t<section class=\"elementor-section elementor-inner-section elementor-element elementor-element-c46878b elementor-section-boxed elementor-section-height-default elementor-section-height-default\" data-id=\"c46878b\" data-element_type=\"section\" data-e-type=\"section\">\n\t\t\t\t\t\t<div class=\"elementor-container elementor-column-gap-default\">\n\t\t\t\t\t<div class=\"elementor-column elementor-col-100 elementor-inner-column elementor-element elementor-element-71988fc\" data-id=\"71988fc\" data-element_type=\"column\" data-e-type=\"column\">\n\t\t\t<div class=\"elementor-widget-wrap elementor-element-populated\">\n\t\t\t\t\t\t<div class=\"elementor-element elementor-element-f8146aa elementor-hidden-tablet elementor-hidden-mobile elementor-widget elementor-widget-image\" data-id=\"f8146aa\" data-element_type=\"widget\" data-e-type=\"widget\" data-widget_type=\"image.default\">\n\t\t\t\t<div class=\"elementor-widget-container\">\n\t\t\t\t\t\t\t\t\t\t\t\t\t\t\t<img decoding=\"async\" width=\"300\" height=\"41\" src=\"https:\/\/searchcapitalpartners.com\/wp-content\/uploads\/2024\/03\/logos-300x41.png\" class=\"attachment-medium size-medium wp-image-2858\" alt=\"\" srcset=\"https:\/\/searchcapitalpartners.com\/wp-content\/uploads\/2024\/03\/logos-300x41.png 300w, https:\/\/searchcapitalpartners.com\/wp-content\/uploads\/2024\/03\/logos-1024x138.png 1024w, https:\/\/searchcapitalpartners.com\/wp-content\/uploads\/2024\/03\/logos-768x104.png 768w, https:\/\/searchcapitalpartners.com\/wp-content\/uploads\/2024\/03\/logos-1536x208.png 1536w, https:\/\/searchcapitalpartners.com\/wp-content\/uploads\/2024\/03\/logos-2048x277.png 2048w, https:\/\/searchcapitalpartners.com\/wp-content\/uploads\/2024\/03\/logos-18x2.png 18w, https:\/\/searchcapitalpartners.com\/wp-content\/uploads\/2024\/03\/logos-600x81.png 600w\" sizes=\"(max-width: 300px) 100vw, 300px\" \/>\t\t\t\t\t\t\t\t\t\t\t\t\t\t\t<\/div>\n\t\t\t\t<\/div>\n\t\t\t\t\t<\/div>\n\t\t<\/div>\n\t\t\t\t\t<\/div>\n\t\t<\/section>\n\t\t\t\t\t<\/div>\n\t\t<\/div>\n\t\t\t\t\t<\/div>\n\t\t<\/section>\n\t\t\t\t<section class=\"elementor-section elementor-top-section elementor-element elementor-element-48dacc0 elementor-section-boxed elementor-section-height-default elementor-section-height-default\" data-id=\"48dacc0\" data-element_type=\"section\" data-e-type=\"section\">\n\t\t\t\t\t\t<div class=\"elementor-container elementor-column-gap-default\">\n\t\t\t\t\t<div class=\"elementor-column elementor-col-100 elementor-top-column elementor-element elementor-element-2a5fb7f\" data-id=\"2a5fb7f\" data-element_type=\"column\" data-e-type=\"column\">\n\t\t\t<div class=\"elementor-widget-wrap elementor-element-populated\">\n\t\t\t\t\t\t<div class=\"elementor-element elementor-element-10f1f7b elementor-widget elementor-widget-text-editor\" data-id=\"10f1f7b\" data-element_type=\"widget\" data-e-type=\"widget\" data-widget_type=\"text-editor.default\">\n\t\t\t\t<div class=\"elementor-widget-container\">\n\t\t\t\t\t\t\t\t\t<p>La nostra strategia di investimento ruota attorno all\u2019identificazione di search funds promettenti che comprendono un ampio spettro di settori e aree geografiche. Ecco un dettaglio della nostra strategia:<\/p><p>&#8211; <strong>Dimensioni<\/strong>: Puntiamo a search funds che desiderino acquisire piccole e medie imprese (PMI) con un potenziale di crescita significativo, concentrandosi in genere su aziende con ricavi compresi tra 2 milioni di euro e 30 milioni di euro.<\/p><p>&#8211;<strong>Area Geografica<\/strong>: Sebbene il nostro interesse principale risieda nel supportare i search funds con sede in Europa, siamo impegnati ad espandere la nostra presenza su scala globale, cogliendo opportunit\u00e0 sia nei mercati emergenti che in quelli consolidati in tutto il mondo.<\/p><p>&#8211; <strong>Profilo del searcher<\/strong>: Diamo priorit\u00e0 al supporto di searcher altamente motivati e qualificati, in particolare quelli:<br \/>i) Con una solida esperienza in leadership, imprenditorialit\u00e0, management o competenze specifiche in determinati settori;<br \/>ii) Dimostrare una chiara visione strategica e pragmaticit\u00e0 operativa.<\/p><p>&#8211; <strong>Agnostici di settori<\/strong>: La nostra filosofia di investimento \u00e8 indipendente dal settore e ci consente di esplorare una vasta gamma di opportunit\u00e0, che vanno dalla tecnologia e sanit\u00e0, alla produzione e ai beni di consumo, garantendo cos\u00ec un portafoglio diversificato.<\/p><p>&#8211; <strong>Potenziale di valore aggiunto<\/strong>: Cerchiamo fondi di ricerca e ci rivolgiamo alle aziende in cui possiamo contribuire in modo significativo alla creazione di valore attraverso una guida strategica, miglioramenti operativi e sfruttando la nostra vasta rete.<\/p><p>&#8211; <strong>Sostenibilit\u00e0 ed Etica<\/strong>: Una parte fondamentale della nostra strategia \u00e8 supportare le imprese con pratiche sostenibili e modelli di business etici, con l\u2019obiettivo di avere un impatto positivo sulla societ\u00e0 e sull\u2019economia.<\/p><p>&#8211; <strong>Strategia di exit<\/strong>: Sebbene il nostro focus sia sulla crescita del valore a medio-lungo termine, consideriamo la fattibilit\u00e0 e la chiarezza delle potenziali strategie di uscita per ciascun investimento, garantendo l&#039;allineamento con le aspettative sia dei ricercatori che degli investitori.<\/p><p>&#8211; <strong>Innovazione e Adattabilit\u00e0<\/strong>y: Particolare enfasi \u00e8 posta sulle aziende e sui search funds che sono all'avanguardia nell'innovazione nei loro settori e dimostrano adattabilit\u00e0 ai cambiamenti del mercato e ai progressi tecnologici.<\/p><p>&#8211; <strong>Allineamento culturale<\/strong>: Garantire un forte adattamento culturale tra il ricercatore, l&#039;azienda target e Search Capital Partners \u00e8 fondamentale per una partnership di successo e una collaborazione a lungo termine.<\/p>\t\t\t\t\t\t\t\t<\/div>\n\t\t\t\t<\/div>\n\t\t\t\t\t<\/div>\n\t\t<\/div>\n\t\t\t\t\t<\/div>\n\t\t<\/section>\n\t\t\t\t<section class=\"elementor-section elementor-top-section elementor-element elementor-element-0a58821 elementor-section-boxed elementor-section-height-default elementor-section-height-default\" data-id=\"0a58821\" data-element_type=\"section\" data-e-type=\"section\">\n\t\t\t\t\t\t<div class=\"elementor-container elementor-column-gap-default\">\n\t\t\t\t\t<div class=\"elementor-column elementor-col-20 elementor-top-column elementor-element elementor-element-0cfc7de\" data-id=\"0cfc7de\" data-element_type=\"column\" data-e-type=\"column\">\n\t\t\t<div class=\"elementor-widget-wrap elementor-element-populated\">\n\t\t\t\t\t\t<div class=\"elementor-element elementor-element-a31f0f5 elementor-widget elementor-widget-text-editor\" data-id=\"a31f0f5\" data-element_type=\"widget\" data-e-type=\"widget\" data-widget_type=\"text-editor.default\">\n\t\t\t\t<div class=\"elementor-widget-container\">\n\t\t\t\t\t\t\t\t\t<h4>Approccio di investimento mirato<\/h4><p>Selezioniamo rigorosamente fondi di ricerca ad alto potenziale che presentano la promessa di trasformare le piccole e medie imprese (PMI) in leader di mercato. I nostri criteri dipendono dallo spirito imprenditoriale, dal potenziale del settore e dalla capacit\u00e0 di generare valore significativo attraverso miglioramenti strategici e crescita.<\/p>\t\t\t\t\t\t\t\t<\/div>\n\t\t\t\t<\/div>\n\t\t\t\t\t<\/div>\n\t\t<\/div>\n\t\t\t\t<div class=\"elementor-column elementor-col-20 elementor-top-column elementor-element elementor-element-a51a739\" data-id=\"a51a739\" data-element_type=\"column\" data-e-type=\"column\">\n\t\t\t<div class=\"elementor-widget-wrap elementor-element-populated\">\n\t\t\t\t\t\t<div class=\"elementor-element elementor-element-14d4290 elementor-widget elementor-widget-text-editor\" data-id=\"14d4290\" data-element_type=\"widget\" data-e-type=\"widget\" data-widget_type=\"text-editor.default\">\n\t\t\t\t<div class=\"elementor-widget-container\">\n\t\t\t\t\t\t\t\t\t<h4>Sostegno oltre il capitale<\/h4><p>Il nostro impegno va oltre il semplice investimento finanziario. Ci inseriamo come partner strategici per cercare imprenditori di fondi, offrendo una vasta gamma di risorse, tutoraggio e accesso a una vasta rete di esperti del settore. Questo sistema di supporto poliedrico \u00e8 progettato per guidare i search funds  attraverso le complessit\u00e0 dell'acquisizione, del funzionamento e dell'eventuale uscita.<\/p>\t\t\t\t\t\t\t\t<\/div>\n\t\t\t\t<\/div>\n\t\t\t\t\t<\/div>\n\t\t<\/div>\n\t\t\t\t<div class=\"elementor-column elementor-col-20 elementor-top-column elementor-element elementor-element-f94d3b4\" data-id=\"f94d3b4\" data-element_type=\"column\" data-e-type=\"column\">\n\t\t\t<div class=\"elementor-widget-wrap elementor-element-populated\">\n\t\t\t\t\t\t<div class=\"elementor-element elementor-element-ba2aca1 elementor-widget elementor-widget-text-editor\" data-id=\"ba2aca1\" data-element_type=\"widget\" data-e-type=\"widget\" data-widget_type=\"text-editor.default\">\n\t\t\t\t<div class=\"elementor-widget-container\">\n\t\t\t\t\t\t\t\t\t<h4>Costruire sinergie<\/h4><p>Crediamo nel potere della collaborazione. Parte della nostra strategia prevede la promozione di sinergie tra le societ\u00e0 in nostro portafoglio, consentendo loro di sfruttare i punti di forza reciproci, condividere intuizioni e perseguire joint venture che accelerano la crescita e l\u2019innovazione.<\/p>\t\t\t\t\t\t\t\t<\/div>\n\t\t\t\t<\/div>\n\t\t\t\t\t<\/div>\n\t\t<\/div>\n\t\t\t\t<div class=\"elementor-column elementor-col-20 elementor-top-column elementor-element elementor-element-589d31d\" data-id=\"589d31d\" data-element_type=\"column\" data-e-type=\"column\">\n\t\t\t<div class=\"elementor-widget-wrap elementor-element-populated\">\n\t\t\t\t\t\t<div class=\"elementor-element elementor-element-fe7e80d elementor-widget elementor-widget-text-editor\" data-id=\"fe7e80d\" data-element_type=\"widget\" data-e-type=\"widget\" data-widget_type=\"text-editor.default\">\n\t\t\t\t<div class=\"elementor-widget-container\">\n\t\t\t\t\t\t\t\t\t<h4>Creazione di valore a lungo termine<\/h4><p>La nostra filosofia di investimento privilegia la creazione di valore a lungo termine rispetto ai guadagni miopi. Pratichiamo investimenti pazienti di capitale, allineandoci ai search funds e alle loro societ\u00e0 target per la durata necessaria a ottenere risultati trasformativi e rendimenti sostanziali.<\/p>\t\t\t\t\t\t\t\t<\/div>\n\t\t\t\t<\/div>\n\t\t\t\t\t<\/div>\n\t\t<\/div>\n\t\t\t\t<div class=\"elementor-column elementor-col-20 elementor-top-column elementor-element elementor-element-0e78ae7\" data-id=\"0e78ae7\" data-element_type=\"column\" data-e-type=\"column\">\n\t\t\t<div class=\"elementor-widget-wrap elementor-element-populated\">\n\t\t\t\t\t\t<div class=\"elementor-element elementor-element-37c9148 elementor-widget elementor-widget-text-editor\" data-id=\"37c9148\" data-element_type=\"widget\" data-e-type=\"widget\" data-widget_type=\"text-editor.default\">\n\t\t\t\t<div class=\"elementor-widget-container\">\n\t\t\t\t\t\t\t\t\t<h4>Apprendimento e adattamento continui<\/h4><p>Il panorama dei search funds \u00e8 in continua evoluzione, cos\u00ec come la nostra strategia. Rimaniamo in prima linea rispetto alle tendenze del settore, ai cambiamenti normativi e all\u2019innovazione, adattando il nostro approccio secondo necessit\u00e0 per sfruttare nuove opportunit\u00e0 e affrontare le sfide in modo efficace.<\/p>\t\t\t\t\t\t\t\t<\/div>\n\t\t\t\t<\/div>\n\t\t\t\t\t<\/div>\n\t\t<\/div>\n\t\t\t\t\t<\/div>\n\t\t<\/section>\n\t\t\t\t<section class=\"elementor-section elementor-top-section elementor-element elementor-element-4378290 elementor-section-boxed elementor-section-height-default elementor-section-height-default\" data-id=\"4378290\" data-element_type=\"section\" data-e-type=\"section\">\n\t\t\t\t\t\t<div class=\"elementor-container elementor-column-gap-default\">\n\t\t\t\t\t<div class=\"elementor-column elementor-col-50 elementor-top-column elementor-element elementor-element-aff3a7e\" data-id=\"aff3a7e\" data-element_type=\"column\" data-e-type=\"column\">\n\t\t\t<div class=\"elementor-widget-wrap elementor-element-populated\">\n\t\t\t\t\t\t<div class=\"elementor-element elementor-element-bd46887 elementor-align-right elementor-widget elementor-widget-button\" data-id=\"bd46887\" data-element_type=\"widget\" data-e-type=\"widget\" data-widget_type=\"button.default\">\n\t\t\t\t<div class=\"elementor-widget-container\">\n\t\t\t\t\t\t\t\t\t<div class=\"elementor-button-wrapper\">\n\t\t\t\t\t<a class=\"elementor-button elementor-button-link elementor-size-lg\" href=\"https:\/\/searchcapitalpartners.com\/it_it\/signup\/\">\n\t\t\t\t\t\t<span class=\"elementor-button-content-wrapper\">\n\t\t\t\t\t\t\t\t\t<span class=\"elementor-button-text\">CONTATTACI<\/span>\n\t\t\t\t\t<\/span>\n\t\t\t\t\t<\/a>\n\t\t\t\t<\/div>\n\t\t\t\t\t\t\t\t<\/div>\n\t\t\t\t<\/div>\n\t\t\t\t\t<\/div>\n\t\t<\/div>\n\t\t\t\t<div class=\"elementor-column elementor-col-50 elementor-top-column elementor-element elementor-element-6fa0cef\" data-id=\"6fa0cef\" data-element_type=\"column\" data-e-type=\"column\">\n\t\t\t<div class=\"elementor-widget-wrap elementor-element-populated\">\n\t\t\t\t\t\t<div class=\"elementor-element elementor-element-80b8ce3 elementor-widget elementor-widget-text-editor\" data-id=\"80b8ce3\" data-element_type=\"widget\" data-e-type=\"widget\" data-widget_type=\"text-editor.default\">\n\t\t\t\t<div class=\"elementor-widget-container\">\n\t\t\t\t\t\t\t\t\t<h5 class=\"elementor-heading-title elementor-size-default\">SEI UN SEARCHER? CONTATTACI OGGI PER SCOPRIRE COME POSSIAMO SUPPORTARE IL TUO PERCORSO DI FUNDING I E SBLOCCARE IL TUO POTENZIALE<\/h5>\t\t\t\t\t\t\t\t<\/div>\n\t\t\t\t<\/div>\n\t\t\t\t\t<\/div>\n\t\t<\/div>\n\t\t\t\t\t<\/div>\n\t\t<\/section>\n\t\t\t\t<\/div>","protected":false},"excerpt":{"rendered":"<p>La nostra strategia Home | La nostra strategia \u00e8 impegnata a supportare il successo<\/p>\n<div class=\"read-more-wrapper\"><a class=\"more-link read-more-link\" href=\"https:\/\/searchcapitalpartners.com\/it_it\/our-strategy\/\"><i class=\"fal fa-arrow-right\"><\/i>Per saperne di pi\u00f9<\/a><\/div>","protected":false},"author":223414435,"featured_media":2918,"parent":0,"menu_order":0,"comment_status":"closed","ping_status":"closed","template":"","meta":{"give_campaign_id":0,"inline_featured_image":false,"footnotes":""},"class_list":["post-2805","page","type-page","status-publish","has-post-thumbnail","hentry"],"aioseo_notices":[],"campaignId":"","_links":{"self":[{"href":"https:\/\/searchcapitalpartners.com\/it_it\/wp-json\/wp\/v2\/pages\/2805","targetHints":{"allow":["GET"]}}],"collection":[{"href":"https:\/\/searchcapitalpartners.com\/it_it\/wp-json\/wp\/v2\/pages"}],"about":[{"href":"https:\/\/searchcapitalpartners.com\/it_it\/wp-json\/wp\/v2\/types\/page"}],"author":[{"embeddable":true,"href":"https:\/\/searchcapitalpartners.com\/it_it\/wp-json\/wp\/v2\/users\/223414435"}],"replies":[{"embeddable":true,"href":"https:\/\/searchcapitalpartners.com\/it_it\/wp-json\/wp\/v2\/comments?post=2805"}],"version-history":[{"count":1,"href":"https:\/\/searchcapitalpartners.com\/it_it\/wp-json\/wp\/v2\/pages\/2805\/revisions"}],"predecessor-version":[{"id":3017,"href":"https:\/\/searchcapitalpartners.com\/it_it\/wp-json\/wp\/v2\/pages\/2805\/revisions\/3017"}],"wp:featuredmedia":[{"embeddable":true,"href":"https:\/\/searchcapitalpartners.com\/it_it\/wp-json\/wp\/v2\/media\/2918"}],"wp:attachment":[{"href":"https:\/\/searchcapitalpartners.com\/it_it\/wp-json\/wp\/v2\/media?parent=2805"}],"curies":[{"name":"wp","href":"https:\/\/api.w.org\/{rel}","templated":true}]}}