{"id":948,"date":"2020-07-26T11:02:58","date_gmt":"2020-07-26T11:02:58","guid":{"rendered":"http:\/\/theme-stall.com\/crowdpress\/demos\/?page_id=3"},"modified":"2024-03-13T16:52:47","modified_gmt":"2024-03-13T15:52:47","slug":"privacy-policy","status":"publish","type":"page","link":"https:\/\/searchcapitalpartners.com\/it_it\/privacy-policy\/","title":{"rendered":"Privacy Policy"},"content":{"rendered":"<div data-elementor-type=\"wp-page\" data-elementor-id=\"948\" class=\"elementor elementor-948\" data-elementor-post-type=\"page\">\n\t\t\t\t<section class=\"elementor-section elementor-top-section elementor-element elementor-element-35bc4371 elementor-section-boxed elementor-section-height-default elementor-section-height-default\" data-id=\"35bc4371\" data-element_type=\"section\" data-e-type=\"section\">\n\t\t\t\t\t\t<div class=\"elementor-container elementor-column-gap-default\">\n\t\t\t\t\t<div class=\"elementor-column elementor-col-100 elementor-top-column elementor-element elementor-element-7be75393\" data-id=\"7be75393\" data-element_type=\"column\" data-e-type=\"column\">\n\t\t\t<div class=\"elementor-widget-wrap elementor-element-populated\">\n\t\t\t\t\t\t<div class=\"elementor-element elementor-element-185a387 elementor-widget elementor-widget-text-editor\" data-id=\"185a387\" data-element_type=\"widget\" data-e-type=\"widget\" data-widget_type=\"text-editor.default\">\n\t\t\t\t<div class=\"elementor-widget-container\">\n\t\t\t\t\t\t\t\t\t<p><\/p>\n<p><strong>POLITICA SULLA PRIVACY<\/strong><\/p>\n<ul>\n<li><strong>Dati del Cliente \u2013 Tutela della Privacy \u2013 GDPR<\/strong><\/li>\n<\/ul>\n<p>Ai sensi del Decreto Legislativo 196\/2003 \u2013 Codice della privacy modificato e aggiornato dal D.Lgs. 101\/2018, degli articoli 4, n. 7), 13, 14 e 24 del GDPR relativo alla protezione delle persone fisiche con riguardo al trattamento dei dati personali, nonch\u00e9 alla libera circolazione di tali dati, Sovereign Capital Advisory Srl al informa che per poter procedere alla registrazione ed ai contatti con gli altri gli utenti della piattaforma Open Search Fund \u00ae sono richiesti al Cliente e, attraverso la App e\/o il Web Site, alcuni Dati di registrazione.<\/p>\n<p>Il Cliente\/utente prende atto che i Dati di registrazione, quindi dati personali forniti, saranno registrati e utilizzati per dare esecuzione a ciascuna azione effettuata tramite App e\/o Sito Web e, previo suo consenso, per le eventuali ulteriori attivit\u00e0 cos\u00ec come indicate nell &#039;apposita informativa sulla privacy fornita al Cliente attraverso la App e\/o il Sito Web al momento della registrazione.<\/p>\n<p>Il Cliente potr\u00e0 in ogni momento aggiornare e\/o modificare i propri Dati di Registrazione del Servizio e pi\u00f9 in generale i dati personali forniti a Search Capital Partners per l&#039;utilizzo della piattaforma Search Capital Partners\u00ae e comunque avere ulteriori informazioni attraverso l&#039;apposita sezione della App e\/o del Sito Web accessibile previa autenticazione.<\/p>\n<p>Con riferimento al trattamento in oggetto Search Capital Partners \u00e8 titolare dei dati, e gli stessi saranno trattati in conformit\u00e0 a quanto di seguito riportato:<\/p>\n<p>\u00a0<\/p>\n<ul>\n<li><strong>POLITICA SULLA PRIVACY ai sensi del GDPR <\/strong><\/li>\n<\/ul>\n<p>Titolare del trattamento: Search Capital Partners SRL con sede in via Mazzini 9, 20123 Milano (MI).<\/p>\n<p>Ai sensi del Decreto Legislativo 196\/2003 \u2013 Codice della privacy modificato e aggiornato dal D.Lgs. 101\/2018 e degli articoli 4, n. 7) e 24 del GDPR sulla tutela delle persone fisiche con riguardo al trattamento dei dati personali, Sovereign Capital Advisory Srl dichiara e informa che per l&#039;istituzione e l&#039;esecuzione di rapporti con l&#039;utente\/Cliente in corso, si dispone di dati personali.<\/p>\n<p>Al fine di ottemperare agli obblighi previsti dal Codice e dalle normative comunitarie in materia di privacy in relazione ai tuoi dati, con la consegna del presente documento l&#039;utente\/Cliente dichiara di aver preso nota delle seguenti informazioni e ad acconsente al trattamento dei dati personali che Search Capital Partners ha acquisto ed acquisir\u00e0.<\/p>\n<p>\u00a0<\/p>\n<ul>\n<li><strong>Informazioni Raccolte<\/strong><\/li>\n<\/ul>\n<p>Search Capital Partners si impegna a raccogliere solo informazioni necessarie, pertinenti e appropriate allo scopo per il quale le stesse sono fornite. Le informazioni che Search Capital Partners raccoglie possono includere alcuni o tutti i seguenti elementi:<\/p>\n<ul>\n<li><strong>Dati di identit\u00e0: <\/strong>nome, cognome, nome utente o identificativo e titolo simili.<\/li>\n<li><strong>Informazioni di contatto: <\/strong>indirizzo di residenza\/domicilio, indirizzo e-mail e numeri di telefono.<\/li>\n<li><strong>Informazioni economiche finanziarie<\/strong>: dati sui bilanci, elaborati societari, numeri gestionali extracontabili.<\/li>\n<li><strong>Dati sui contatti tra gli utenti della piattaforma: <\/strong>dettagli sui contatti nominativi tra gli utenti della piattaforma inerente progetti sui quali collaborano o sono interessati<\/li>\n<li><strong>Dati del profilo: <\/strong>contatti effettuati, eventuali profili social (se applicabile), preferenze, feedback, comunicazioni e risposte a sondaggi interni, password e nome utente, se applicabili (portale clienti\/utenti).<\/li>\n<li><strong>Dati di utilizzo: <\/strong>informazioni su come viene utilizzato il Web Site e\/o la App, prodotti e servizi.<\/li>\n<li><strong>Dati di marketing e comunicazione: <\/strong>preferenze nella ricezione di comunicazioni di marketing e terzi e preferenze di comunicazione.<\/li>\n<li><strong>Dati tecnici: <\/strong>indirizzo IP (Internet Protocol), i dati di accesso, il tipo e la versione del browser, l&#039;impostazione del fuso orario e la posizione del plug-in del browser, i tipi e le versioni, il sistema operativo e la Piattaforma e altre tecnologie su dispositivi utilizzati per accedere al Sito Web e\/o la App.<\/li>\n<\/ul>\n<ul>\n<li><strong>Utilizzo Delle Informazioni<\/strong><\/li>\n<\/ul>\n<p>Vengono elaborate solo le informazioni necessarie alle seguenti finalit\u00e0:<\/p>\n<p>\u00a0<\/p>\n<ol>\n<li><strong>Gestione operativa e finalit\u00e0 a questa strettamente connessa per l&#039;accesso al Sito Web e\/o la App.<\/strong><\/li>\n<\/ol>\n<p>Search Capital Partners raccoglie i dati di contatto e di utilizzo del Web Site e\/o della App per consentire all&#039;utente\/Cliente di poter accedere all&#039;Area Personale, ove presente e procedere con i servizi interessati.<\/p>\n<p><u>Presupposto per il trattamento<\/u>: adempimento degli obblighi contrattuali.<\/p>\n<p>Il conferimento dei dati \u00e8 obbligatorio per rispondere alle sue richieste; in difetto non potremo darvi corso.<\/p>\n<p>\u00a0<\/p>\n<ol start=\"2\">\n<li><strong>Indagini di soddisfazione del cliente<\/strong><\/li>\n<\/ol>\n<p>Search Capital Partners potr\u00e0 utilizzare i dati di contatto per la conduzione di indagini volte a misurare il livello di soddisfazione (cd. customer Satisfaction) del servizio erogato.<\/p>\n<p><u>Presupposto per il trattamento<\/u>: il consenso. il mancato conferimento dello stesso non comporta conseguenze sui rapporti contrattuali.<\/p>\n<p>Il consenso pu\u00f2 essere revocato in ogni momento scrivendo al seguente indirizzo: <a href=\"mailto:info@searchcapitalpartners.com\">info@searchcapitalpartners.com<\/a><\/p>\n<p>\u00a0<\/p>\n<ol start=\"3\">\n<li><strong>Marketing<\/strong><\/li>\n<\/ol>\n<p>Search Capital Partners potrebbe trattare i dati di contatto per finalit\u00e0 di marketing e comunicazione pubblicitaria, diretta ad informare l&#039;utente\/cliente su iniziative promozionali di vendita, realizzate mediante modalit\u00e0 automatizzate di contatto (posta elettronica, sms e altri strumenti di messaggistica massiva, TDC , ecc.) e modalit\u00e0 tradizionali di contatto (ad esempio, telefonata con operatore) ovvero per ricerche di mercato e indagini statistiche.<\/p>\n<p><u>Presupposto per il trattamento<\/u>: il consenso. Il mancato conferimento dello stesso non comporta conseguenze sui rapporti contrattuali.<\/p>\n<p>Il consenso pu\u00f2 essere revocato in ogni momento scrivendo al seguente indirizzo: <a href=\"mailto:info@searchcapitalpartners.com\">info@searchcapitalpartners.com<\/a><\/p>\n<p>\u00a0<\/p>\n<ol start=\"4\">\n<li><strong>Conformit\u00e0 alle richieste giuridicamente vincolanti per adempiere un obbligo legale, regolamenti o provvedimenti dell&#039;autorit\u00e0 giudiziaria, nonch\u00e9 per difendere un diritto in sede giudiziaria<\/strong><\/li>\n<\/ol>\n<p>Search Capital Partners raccoglie i dati di contatto per adempiere a un obbligo legale e\/o per difendere un proprio diritto in sede giudiziaria<\/p>\n<p><u>Presupposto per il trattamento<\/u>: obblighi di Legge, cui Search Capital Partners \u00e8 obbligata a ottemperare.<\/p>\n<p>\u00a0<\/p>\n<ul>\n<li><strong>Condivisione <\/strong><\/li>\n<\/ul>\n<p><strong>\u00a0<\/strong><\/p>\n<p>Search Capital Partners non condivider\u00e0 le informazioni con terzi, salvo eventuali altri utenti della piattaforma che hanno evidenziato interesse nel progetto o profilo proposto dall&#039;utente\/cliente, tuttavia, Search Capital Partners potr\u00e0 di volta in volta comunicare le informazioni alle seguenti categorie di societ\u00e0 o organizzazioni a cui passiamo la responsabilit\u00e0 di gestire servizi per nostro conto: fornitori di servizi di assistenza, centri di contatto clienti, agenzie e consulenti di marketing diretto, ricerche di mercato e fornitori di servizi di analisi del mercato, consulenti legali e altri professionisti.<\/p>\n<p>Search Capital Partners si adoperer\u00e0 per garantire che tutti i partner di terze parti gestiscano le informazioni siano conformi alla legislazione sulla protezione dei dati e proteggano le informazioni con le medesime modalit\u00e0 adottate da Search Capital Partners. Search Capital Partners comunicher\u00e0 a questi ultimi solo le informazioni personali STRETTAMENTE necessarie per fornire il servizio che stanno eseguendo per conto della stessa Search Capital Partners.<\/p>\n<p>Search Capital Partners provveder\u00e0 ad anonimizzare le informazioni o utilizzare set di dati specifici aggregati ove possibile.<\/p>\n<p>\u00a0<\/p>\n<ul>\n<li><strong>Termini Di Conservazione<\/strong><\/li>\n<\/ul>\n<p>Search Capital Partners non conserver\u00e0 le informazioni personali in un formato identificativo per un periodo pi\u00f9 lungo del necessario.<\/p>\n<p>Per i clienti o fornitori, Search Capital Partners conserver\u00e0 informazioni personali per un periodo pi\u00f9 lungo rispetto al trattamento dei potenziali clienti\/fornitori.<\/p>\n<p>Nel caso di un rapporto continuativo (ad esempio un Cliente), Sovereign Capital Advisory Srl conserver\u00e0 le informazioni personali per 10 anni dalla data dell&#039;ultima operazione effettuata, per poter stabilire, portare o difendere in giudizio eventuali reclami legali.<\/p>\n<p>Le informazioni promozionali e di marketing verranno conservate da Search Capital Partners per un periodo massimo di 24 mesi.<\/p>\n<p>\u00a0<\/p>\n<ul>\n<li><strong>Archiviazione <\/strong><\/li>\n<\/ul>\n<p>I dati personali che Search Capital Partners raccoglie possono essere acquisiti a, e memorizzati in, una destinazione al di fuori dell&#039;Area Economica Europea (EEA), per le finalit\u00e0 sopra trattate. Search Capital Partners adotter\u00e0 tutte le misure ragionevolmente necessarie per garantire che i dati personali siano trattati in modo sicuro e in conformit\u00e0 con la presente Informativa sulla privacy e la legislazione sulla protezione dei dati. Nella misura in cui \u00e8 necessario trasferire i dati personali al di fuori dell&#039;Unione europea, Search Capital Partners garantisce che siano adottate misure di protezione adeguate per proteggere la privacy e l&#039;integrit\u00e0 di tali dati, comprese le clausole sui modelli dell&#039;Unione europea ai sensi dell&#039;articolo 46 \u201cTrasferimento soggetto a garanzie adeguate\u201d.<\/p>\n<p>\u00a0<\/p>\n<ul>\n<li><strong>Biscotto<\/strong><\/li>\n<\/ul>\n<p>I cookie sono file di testo che identificano il computer (attraverso il cosiddetto indirizzo IP) sul nostro server. Per informazioni sui motivi per cui li usiamo fare riferimento alla sezione \u201cCome utilizziamo le informazioni che vengono raccolte\u201d della presente Privacy Policy. Search Capital Partners non utilizzer\u00e0 l&#039;indirizzo IP come mezzo per identificare l&#039;utente\/Cliente. In genere, c&#039;\u00e8 la possibilit\u00e0 di impostare il computer in modalit\u00e0 che accetta tutti i cookie, per essere informati quando viene emesso un cookie o per non ricevere i cookie in ogni momento, questo \u00e8 possibile attraverso il browser internet. Con la maggior parte dei browser, questa funzione pu\u00f2 essere raggiunta tramite il menu &#039;strumenti&#039; (ad es. Internet Explorer), &#039;modifica&#039;, o &#039;attivit\u00e0&#039;. Se ci sono problemi nel trovare quest&#039;area, la funzione \u201caiuto\u201d all&#039;interno del browser sar\u00e0 in grado di fornire assistenza. L&#039;utente\/Cliente potr\u00e0 inoltre trovare informazioni pi\u00f9 dettagliate sui cookie e su come gestirli su <a href=\"http:\/\/www.allaboutcookies.org\/\">http:\/\/www.allaboutcookies.org<\/a>.<\/p>\n<p>Il rifiuto dei cookie, potrebbe impedire il corretto funzionamento del Sito Web o persino impedire l&#039;accesso a determinate aree.<\/p>\n<p>\u00a0<\/p>\n<ul>\n<li><strong>Utilizzo dei cookie da parte di Sovereign Capital Advisory Srl <\/strong><\/li>\n<\/ul>\n<p>A seconda della funzione e dello scopo d&#039;utilizzo, i cookie possono essere classificati in cookie tecnici, cookie analitici, cookie di profilazione. Tutti i cookie sono suddivisi in cookie proprietari, installati direttamente dal gestore del sito e in cookie di terze parti, installati attraverso il Sito da terze parti.<\/p>\n<p>In base alle caratteristiche e all&#039;utilizzo dei cookie, possiamo distinguere diverse categorie:<\/p>\n<ol>\n<li><strong>cookie di navigazione <\/strong>sul Sito Web tracciano il percorso dei cookie (attivit\u00e0 cosiddetta \u201cclick stream\u201d, ovvero la registrazione dei percorsi seguiti dai visitatori di un sito nel passaggio da una pagina all&#039;altra) senza poter conoscere o identificare l&#039;utente\/Cliente, alla fine di raccogliere dati statistici sul sito come, ad esempio, le pagine visitate, scaricate, ecc.<\/li>\n<\/ol>\n<p>Search Capital Partners ribadisce che nessuna di queste informazioni sono associate all&#039;utente\/Cliente individualmente. I cookie non acquisiscono l&#039;indirizzo e-mail personale dell&#039;utente\/Cliente, n\u00e9 alcuna delle informazioni private dell&#039;utente\/Cliente. Le informazioni ottenute dal tracciamento dei cookie vengono valutate solo nel complesso. I file di registrazione del server web vengono inoltre utilizzati per contare i visitatori e valutare le capacit\u00e0 tecniche del sito Web in modo da facilitare la navigazione sul sito e per rendere le sue pagine pi\u00f9 utili agli utenti\/clienti. Search Capital Partners potr\u00e0 raccogliere informazioni sul traffico del sito, ma non sui singoli visitatori.<\/p>\n<ol>\n<li><strong>biscotto di sessione <\/strong>sono strettamente necessari per fornire all&#039;utente\/cliente i servizi disponibili attraverso il sito Web e per utilizzare alcune delle funzionalit\u00e0 di quest&#039;ultimo.<\/li>\n<\/ol>\n<p>Poich\u00e9 questi cookie sono strettamente necessari, non \u00e8 possibile rifiutarli senza influire sul funzionamento del sito Web, ma \u00e8 possibile bloccarli o eliminarli modificando le impostazioni del browser e imponendo il blocco di tutti i cookie sul sito Web.<\/p>\n<ol>\n<li><strong>I cookie di Google Analytics <\/strong>raccolgono informazioni che vengono utilizzate in forma aggregata per aiutarci a capire come viene utilizzato il Web Site o l&#039;efficacia delle campagne di marketing di Search Capital Partners o per aiutare Search Capital Partners a personalizzare il sito al fine di migliorare l&#039;esperienza degli utenti\/ Clienti.<\/li>\n<li><strong>cookie di profilazione <\/strong>creare profili utente e vengono utilizzati per inviare messaggi pubblicitari in linea con le preferenze manifestate dall&#039;utente\/Cliente durante la navigazione sul Sito Web:<\/li>\n<\/ol>\n<ol>\n<li>I cookie raccolti per le finalit\u00e0 sopra elencate possono essere comunicati ai soggetti competenti incaricati della gestione del sito per lo svolgimento, anche parziale, delle attivit\u00e0 connesse all&#039;incarico.<\/li>\n<li>Per tutti i cookie diversi dai cookie tecnici, \u00e8 necessario il consenso espresso dell&#039;utente\/cliente la prima volta che visita il sito. Il consenso viene tracciato nelle visite successive, tuttavia l&#039;utente\/Cliente ha sempre la possibilit\u00e0 di revocare in tutto o in parte il consenso gi\u00e0 espresso.<\/li>\n<\/ol>\n<ul>\n<li><strong>Durata <\/strong><\/li>\n<\/ul>\n<p>Alcuni cookie (cookie di sessione) rimangono attivi solo fino alla chiusura del browser. Altri cookie (cookie persistenti) \u201csopravvivono\u201d alla chiusura del browser e sono disponibili anche nelle successive visite dell&#039;utente\/Cliente e la loro durata \u00e8 impostata dal server al momento della loro creazione con una data di scadenza prestabilita.<\/p>\n<p>L&#039;impostazione pu\u00f2 essere definita specificamente per diversi siti web e applicazioni web. Inoltre, i browser pi\u00f9 comuni consentono di definire impostazioni diverse per vari tipi di cookie.<\/p>\n<p>\u00c8 possibile impostare il browser in modo che venga notificato in caso di tentativi di inserimento di cookie, limitazione o rifiuto completo.<\/p>\n<p>\u00a0<\/p>\n<ul>\n<li><strong>Diritti dell&#039;interessato<\/strong><\/li>\n<\/ul>\n<p>L&#039;interessato potr\u00e0 far valere i propri diritti, cos\u00ec come previsti dagli artt. 15-23 GDPR in particolare:<\/p>\n<ul>\n<li>Richiedere una copia delle informazioni che sono in possesso di Search Capital Partners ;<\/li>\n<li>Correggere e aggiornare le proprie informazioni;<\/li>\n<li>Ritirare il consenso;<\/li>\n<li>Diritto di opporsi ea richiedere la cancellazione dei dati o la limitazione d&#039;uso, ove non sussistano motivi legittimi per continuare a utilizzare ed elaborare le sue informazioni e\/o in mancanza di consenso ad attivit\u00e0 di marketing diretto;<\/li>\n<li>Diritto alla portabilit\u00e0 dei dati;<\/li>\n<li>Diritto di proposta di reclamo all&#039;Autorit\u00e0 di controllo competente (Garante Privacy).<\/li>\n<\/ul>\n<p>\u00c8 possibile esercitare i diritti di cui sopra e\/o gestire le informazioni contattandoci ai seguenti riferimenti:<\/p>\n<p>Posta: via Mazzini 9 \u2013 20123 Milano (MI)<\/p>\n<p>E-mail: <a href=\"mailto:info@searchcapitalpartners.com\">info@searchcapitalpartners.com<\/a><\/p>\n<p>Nel caso di una richiesta di accesso o di informazioni si comunica che, se la richiesta \u00e8 infondata o eccessiva, Search Capital Partners potr\u00e0 addebitare una commissione o rifiutarsi di agire di conseguenza.<\/p>\n<p><strong>\u00a0<\/strong><\/p>\n<ul>\n<li><strong>Modifiche Alla Presente Politica Sulla Privacy<\/strong><\/li>\n<\/ul>\n<p>Search Capital Partners si riserva il diritto di modificare il contenuto, in parte o completamente, anche a causa di aggiornamenti normativi. Verr\u00e0 pubblicata sul Sito Web e\/o sulla App la versione aggiornata della presente informativa.<\/p>\n<p><em>\u00a0<\/em><\/p>\n<p><\/p>\t\t\t\t\t\t\t\t<\/div>\n\t\t\t\t<\/div>\n\t\t\t\t\t<\/div>\n\t\t<\/div>\n\t\t\t\t\t<\/div>\n\t\t<\/section>\t\t<\/div>","protected":false},"excerpt":{"rendered":"<p>POLITICA SULLA PRIVACY Dati del Clienti \u2013 Tutela della Privacy<\/p>\n<div class=\"read-more-wrapper\"><a class=\"more-link read-more-link\" href=\"https:\/\/searchcapitalpartners.com\/it_it\/privacy-policy\/\"><i class=\"fal fa-arrow-right\"><\/i>Per saperne di pi\u00f9<\/a><\/div>","protected":false},"author":223414435,"featured_media":0,"parent":0,"menu_order":0,"comment_status":"closed","ping_status":"open","template":"","meta":{"give_campaign_id":0,"inline_featured_image":false,"footnotes":""},"class_list":["post-948","page","type-page","status-publish","hentry"],"aioseo_notices":[],"campaignId":"","_links":{"self":[{"href":"https:\/\/searchcapitalpartners.com\/it_it\/wp-json\/wp\/v2\/pages\/948","targetHints":{"allow":["GET"]}}],"collection":[{"href":"https:\/\/searchcapitalpartners.com\/it_it\/wp-json\/wp\/v2\/pages"}],"about":[{"href":"https:\/\/searchcapitalpartners.com\/it_it\/wp-json\/wp\/v2\/types\/page"}],"author":[{"embeddable":true,"href":"https:\/\/searchcapitalpartners.com\/it_it\/wp-json\/wp\/v2\/users\/223414435"}],"replies":[{"embeddable":true,"href":"https:\/\/searchcapitalpartners.com\/it_it\/wp-json\/wp\/v2\/comments?post=948"}],"version-history":[{"count":0,"href":"https:\/\/searchcapitalpartners.com\/it_it\/wp-json\/wp\/v2\/pages\/948\/revisions"}],"wp:attachment":[{"href":"https:\/\/searchcapitalpartners.com\/it_it\/wp-json\/wp\/v2\/media?parent=948"}],"curies":[{"name":"wp","href":"https:\/\/api.w.org\/{rel}","templated":true}]}}