{"id":178,"date":"2020-07-27T16:16:53","date_gmt":"2020-07-27T16:16:53","guid":{"rendered":"http:\/\/theme-stall.com\/crowdpress\/demos\/?post_type=product&amp;p=178"},"modified":"2023-05-17T03:52:17","modified_gmt":"2023-05-17T01:52:17","slug":"blue-good-royal-furniture","status":"publish","type":"product","link":"https:\/\/searchcapitalpartners.com\/it_it\/prodotto\/blue-good-royal-furniture\/","title":{"rendered":"Mobili blu buoni Royal"},"content":{"rendered":"<p>Lorem Ipsum \u00e8 semplicemente un testo segnaposto utilizzato nel settore della tipografia e della stampa. Lorem Ipsum \u00e8 il testo segnaposto standard del settore fin dal 1500, quando un anonimo tipografo prese una cassetta di caratteri e li impagin\u00f2 per realizzare un libro campione. \u00c8 sopravvissuto non solo a cinque secoli, ma anche al passaggio alla tipografia elettronica, rimanendo sostanzialmente invariato. Fu reso popolare negli anni &#039;60 con la diffusione dei fogli Letraset contenenti passaggi del Lorem Ipsum e, pi\u00f9 di recente, con software di impaginazione desktop come Aldus PageMaker, che includevano versioni del Lorem Ipsum.<\/p>\n<p>\u00c8 un fatto consolidato che un lettore sar\u00e0 distratto dal contenuto leggibile di una pagina quando ne guarda il layout. Il punto di usare Lorem Ipsum \u00e8 che ha una distribuzione pi\u00f9 o meno normale delle lettere, al contrario di usare &#039;Contenuto qui, contenuto qui&#039;, facendolo sembrare un inglese leggibile. Molti pacchetti di desktop publishing e editor di pagine web ora usano Lorem Ipsum come testo modello predefinito e una ricerca per &#039;lorem ipsum&#039; scoprir\u00e0 molti siti web ancora agli inizi. Varie versioni si sono evolute nel corso degli anni, a volte per caso, a volte di proposito (umorismo iniettato e simili).<\/p>\n<p>Contrariamente a quanto si possa pensare, Lorem Ipsum non \u00e8 semplicemente un testo casuale. Ha origine in un classico della letteratura latina del 45 a.C., il che lo rende vecchio di oltre 2000 anni. Richard McClintock, professore di latino all&#039;Hampden-Sydney College in Virginia, ha ricercato una delle parole latine pi\u00f9 oscure, consectetur, da un passaggio del Lorem Ipsum e, scorrendo le citazioni della parola nella letteratura classica, ha scoperto la fonte indubbia. Lorem Ipsum deriva dalle sezioni 1.10.32 e 1.10.33 del \u201cde Finibus Bonorum et Malorum\u201d (Gli estremi del bene e del male) di Cicerone, scritto nel 45 a.C. Questo libro \u00e8 un trattato sulla teoria dell&#039;etica, molto popolare durante il Rinascimento. La prima riga del Lorem Ipsum, \u201cLorem ipsum dolor sit amet..\u201d, deriva da una riga nella sezione 1.10.32.<\/p>\n<p>Il frammento standard di Lorem Ipsum utilizzato fin dal 1500 \u00e8 riprodotto di seguito per coloro che fossero interessati. Le sezioni 1.10.32 e 1.10.33 di \u201cde Finibus Bonorum et Malorum\u201d di Cicerone sono anch&#039;esse riprodotte nella loro esatta forma originale, accompagnate dalle versioni inglesi della traduzione del 1914 di H. Rackham.<\/p>","protected":false},"excerpt":{"rendered":"<p>Dolce come pu\u00f2 essere, il delizioso abito ricamato rosso ruggine Lucy Love Sophia \u00e8 qui per illuminare la tua giornata! Spalline sottili sostengono la scollatura a grembiule di questo abito in tessuto trasparente, decorato con ricami floreali. La silhouette a tubino termina con un mini orlo. Elegante, raffinato e con una vestibilit\u00e0 moderna impeccabile, questo abito blu Lazio a 2 bottoni presenta un risvolto a tacca, tasche con patta e pantaloni con davanti piatto, il tutto in pura lana di Vitale Barberis Canonico.<\/p>","protected":false},"featured_media":179,"comment_status":"open","ping_status":"closed","template":"","meta":{"give_campaign_id":0,"inline_featured_image":false},"product_cat":[688637390,688637407,688637413,688637415,688637423,688637427],"product_tag":[688637388,688637412,688637432],"class_list":{"0":"post-178","1":"product","2":"type-product","3":"status-publish","4":"has-post-thumbnail","6":"product_cat-clothing","7":"product_cat-journalism","8":"product_cat-music","9":"product_cat-non-profit","10":"product_cat-technology","11":"product_cat-ux-design","12":"product_tag-accessories","13":"product_tag-men","14":"product_tag-women","16":"first","17":"instock","18":"shipping-taxable","19":"purchasable","20":"product-type-simple"},"aioseo_notices":[],"jetpack_publicize_connections":[],"_links":{"self":[{"href":"https:\/\/searchcapitalpartners.com\/it_it\/wp-json\/wp\/v2\/product\/178","targetHints":{"allow":["GET"]}}],"collection":[{"href":"https:\/\/searchcapitalpartners.com\/it_it\/wp-json\/wp\/v2\/product"}],"about":[{"href":"https:\/\/searchcapitalpartners.com\/it_it\/wp-json\/wp\/v2\/types\/product"}],"replies":[{"embeddable":true,"href":"https:\/\/searchcapitalpartners.com\/it_it\/wp-json\/wp\/v2\/comments?post=178"}],"wp:featuredmedia":[{"embeddable":true,"href":"https:\/\/searchcapitalpartners.com\/it_it\/wp-json\/wp\/v2\/media\/179"}],"wp:attachment":[{"href":"https:\/\/searchcapitalpartners.com\/it_it\/wp-json\/wp\/v2\/media?parent=178"}],"wp:term":[{"taxonomy":"product_cat","embeddable":true,"href":"https:\/\/searchcapitalpartners.com\/it_it\/wp-json\/wp\/v2\/product_cat?post=178"},{"taxonomy":"product_tag","embeddable":true,"href":"https:\/\/searchcapitalpartners.com\/it_it\/wp-json\/wp\/v2\/product_tag?post=178"}],"curies":[{"name":"wp","href":"https:\/\/api.w.org\/{rel}","templated":true}]}}